{"id":13,"date":"2025-11-23T06:55:45","date_gmt":"2025-11-23T05:55:45","guid":{"rendered":"https:\/\/konstanze-heininger.de\/ki-kompetenzen\/?page_id=13"},"modified":"2026-01-25T09:54:07","modified_gmt":"2026-01-25T08:54:07","slug":"impressum-datenschutz","status":"publish","type":"page","link":"https:\/\/konstanze-heininger.de\/ki-kompetenzen\/impressum-datenschutz\/","title":{"rendered":"Impressum &amp; Datenschutz"},"content":{"rendered":"\n<h3 class=\"wp-block-heading\">Verantwortliche<\/h3>\n\n\n\n<p>Konstanze Heininger, Baierbrunn<br>servus@konstanze-heininger.de<br>+49 178 1066570<\/p>\n\n\n\n<div style=\"height:20px\" aria-hidden=\"true\" class=\"wp-block-spacer\"><\/div>\n\n\n\n<p>WordPress-Theme: \u00bbTwenty Twenty-Five\u00ab<br>Schrift: \u00bbManrope\u00ab von Mikhail Sharanda aus dem Google-Fonts Webfont-Katalog (lokal gehostet)<\/p>\n\n\n\n<div style=\"height:20px\" aria-hidden=\"true\" class=\"wp-block-spacer\"><\/div>\n\n\n\n<h3 class=\"wp-block-heading\">Widerspruch gegen Werbe-E-Mails und -Anrufe<\/h3>\n\n\n\n<p>Der Nutzung von im Rahmen der Impressumspflicht ver\u00f6ffentlichten Kontaktdaten zur \u00dcbersendung von nicht ausdr\u00fccklich angeforderter Werbung und Informationsmaterialien bzw. nicht angeforderten Werbeanrufen wird hiermit widersprochen. Rechtliche Schritte im Falle von nicht angeforderten Werbeanrufen oder der unverlangten Zusendung von Werbeinformationen, etwa durch Spam-E-Mails, sind ausdr\u00fccklich vorbehalten.<\/p>\n\n\n\n<div style=\"height:20px\" aria-hidden=\"true\" class=\"wp-block-spacer\"><\/div>\n\n\n\n<h2 class=\"wp-block-heading\">Datenschutzerkl\u00e4rung<\/h2>\n\n\n\n<p><strong>Einleitung<\/strong><\/p>\n\n\n\n<p>Die folgende Datenschutzerkl\u00e4rung m\u00f6chte dar\u00fcber aufkl\u00e4ren, welche Arten Ihrer personenbezogenen Daten (nachfolgend auch kurz \u00bbDaten\u00ab) zu welchen Zwecken und in welchem Umfang verarbeitet werden. Die Datenschutzerkl\u00e4rung gilt f\u00fcr alle durchgef\u00fchrten Verarbeitungen personenbezogener Daten auf dieser Webseite (nachfolgend auch \u00bbOnlineangebot\u00ab).<\/p>\n\n\n\n<div style=\"height:20px\" aria-hidden=\"true\" class=\"wp-block-spacer\"><\/div>\n\n\n\n<p><strong>\u00dcbersicht der Verarbeitungen<\/strong><\/p>\n\n\n\n<p>Die nachfolgende \u00dcbersicht fasst die Arten der verarbeiteten Daten und die Zwecke ihrer Verarbeitung zusammen und verweist auf die betroffenen Personen.<\/p>\n\n\n\n<p><strong>Arten der verarbeiteten Daten<\/strong><\/p>\n\n\n\n<ul class=\"wp-block-list\">\n<li>Meta-\/Kommunikationsdaten (z. B. Ger\u00e4te-Informationen, IP-Adressen)<\/li>\n\n\n\n<li>Nutzungsdaten (z. B. besuchte Webseiten, Interesse an Inhalten, Zugriffszeiten)<\/li>\n\n\n\n<li>ggf. Name, E-Mail-Adresse<\/li>\n<\/ul>\n\n\n\n<p>Kategorien betroffener Personen<\/p>\n\n\n\n<ul class=\"wp-block-list\">\n<li>Webseitenbesucher:innen<\/li>\n<\/ul>\n\n\n\n<p>Zwecke der Verarbeitung<\/p>\n\n\n\n<ul class=\"wp-block-list\">\n<li>Bereitstellung dieses Onlineangebotes und Nutzerfreundlichkeit<\/li>\n\n\n\n<li>Besuchsaktionsauswertung<\/li>\n\n\n\n<li>Gedichterstellung \u00fcber Formular und KI-Workflow<\/li>\n\n\n\n<li>Reichweitenmessung (z. B. Zugriffsstatistiken)<\/li>\n\n\n\n<li>Beantwortung von Anfragen per E-Mail<\/li>\n<\/ul>\n\n\n\n<p><strong>Sicherheitsma\u00dfnahmen<\/strong><\/p>\n\n\n\n<p>Nach Ma\u00dfgabe der gesetzlichen Vorgaben unter Ber\u00fccksichtigung des Stands der Technik, der Implementierungskosten und der Art, des Umfangs, der Umst\u00e4nde und der Zwecke der Verarbeitung sowie der unterschiedlichen Eintrittswahrscheinlichkeiten und des Ausma\u00dfes der Bedrohung der Rechte und Freiheiten nat\u00fcrlicher Personen werden geeignete technische und organisatorische Ma\u00dfnahmen getroffen, um ein dem Risiko angemessenes Schutzniveau zu gew\u00e4hrleisten.<\/p>\n\n\n\n<p>Zu den Ma\u00dfnahmen geh\u00f6ren insbesondere die Sicherung der Vertraulichkeit, Integrit\u00e4t und Verf\u00fcgbarkeit von Daten durch Kontrolle des physischen und elektronischen Zugangs zu den Daten als auch des sie betreffenden Zugriffs, der Eingabe, der Weitergabe, der Sicherung der Verf\u00fcgbarkeit und ihrer Trennung. Des Weiteren ist der Schutz personenbezogener Daten bereits bei der Entwicklung bzw. Auswahl von Hardware, Software sowie Verfahren entsprechend dem Prinzip des Datenschutzes, durch Technikgestaltung und durch datenschutzfreundliche Voreinstellungen ber\u00fccksichtigt:<\/p>\n\n\n\n<p>K\u00fcrzung der IP-Adresse: Sofern es m\u00f6glich ist oder eine Speicherung der IP-Adresse nicht erforderlich ist, wird Ihre IP-Adresse anonymisiert (die IP-Adresse ist in diesem Kontext eine einem Internetanschluss durch den Online-Zugangs-Provider individuell zugeordnete Kennung). Mit der Anonymisierung der IP-Adresse soll die Identifizierung einer Person anhand ihrer IP-Adresse verhindert werden.<\/p>\n\n\n\n<p>SSL-Verschl\u00fcsselung (https): Um Ihre via diesem Online-Angebot \u00fcbermittelten Daten zu sch\u00fctzen, wird eine SSL-Verschl\u00fcsselung genutzt. Sie erkennen derart verschl\u00fcsselte Verbindungen an dem Pr\u00e4fix https:\/\/ in der Adresszeile Ihres Browsers.<\/p>\n\n\n\n<p>Bitte beachten Sie, dass die Daten\u00fcbertragung im Internet (z. B. bei der Kommunikation per E-Mail) dennoch Sicherheitsl\u00fccken aufweisen kann. Ein l\u00fcckenloser Schutz der Daten vor dem Zugriff durch Dritte ist nicht m\u00f6glich.<\/p>\n\n\n\n<div style=\"height:20px\" aria-hidden=\"true\" class=\"wp-block-spacer\"><\/div>\n\n\n\n<p><strong>Bereitstellung des Onlineangebotes und Webhosting<\/strong><\/p>\n\n\n\n<p>Um dieses Onlineangebot sicher und effizient bereitstellen zu k\u00f6nnen, werden die Leistungen eines Webhosting-Anbieters genutzt, von dessen Servern (bzw. von ihm verwalteten Servern) das Onlineangebot abgerufen werden kann. Zu diesen Zwecken werden Infrastruktur- und Plattformdienstleistungen, Rechenkapazit\u00e4t, Speicherplatz und Datenbankdienste sowie Sicherheitsleistungen und technische Wartungsleistungen in Anspruch genommen. Mit dem Webhosting-Anbieter besteht ein Vertrag zur Auftragsdatenverarbeitung.<\/p>\n\n\n\n<p>Zu den im Rahmen der Bereitstellung des Hostingangebotes verarbeiteten Daten k\u00f6nnen alle Angaben geh\u00f6ren, die im Rahmen der Nutzung anfallen. Hierzu geh\u00f6ren z. B. die IP-Adresse, die notwendig ist, um die Inhalte von Onlineangeboten an Browser ausliefern zu k\u00f6nnen.<\/p>\n\n\n\n<p>Erhebung von Zugriffsdaten und Logfiles: Dieses Onlineangebot (bzw. der Webhostinganbieter) erhebt Daten zu jedem Zugriff auf den Server (sogenannte Serverlogfiles). Zu den Serverlogfiles k\u00f6nnen die Adresse und Name der abgerufenen Webseiten und Dateien, Datum und Uhrzeit des Abrufs, \u00fcbertragene Datenmengen, Meldung \u00fcber erfolgreichen Abruf, Browsertyp nebst Version, das Betriebssystem des Nutzers\/der Nutzerin, Referrer-URL (die zuvor besuchte Seite) und im Regelfall IP-Adressen und der anfragende Provider geh\u00f6ren.<\/p>\n\n\n\n<p>Die Serverlogfiles k\u00f6nnen zum einen zu Zwecken der Sicherheit eingesetzt werden, z. B. um eine \u00dcberlastung der Server zu vermeiden (insbesondere im Fall von missbr\u00e4uchlichen Angriffen, sogenannten DDoS-Attacken) und zum anderen, um die Auslastung der Server und ihre Stabilit\u00e4t sicherzustellen.<\/p>\n\n\n\n<ul class=\"wp-block-list\">\n<li>Verarbeitete Datenarten: Nutzungsdaten (z. B. besuchte Webseiten, Interesse an Inhalten, Zugriffszeiten), Meta-\/Kommunikationsdaten (z. B. Ger\u00e4te-Informationen, IP-Adressen)<\/li>\n\n\n\n<li>Betroffene Personen: Webseitenbesucher:innen<\/li>\n\n\n\n<li>Rechtsgrundlagen: Berechtigte Interessen (Art. 6 Abs. 1 S. 1 lit. f. DSGVO)<\/li>\n<\/ul>\n\n\n\n<div style=\"height:20px\" aria-hidden=\"true\" class=\"wp-block-spacer\"><\/div>\n\n\n\n<p><strong>Erhebung von Zugriffsdaten und Logfiles<\/strong><\/p>\n\n\n\n<p>Erhebung von Zugriffsdaten und Logfiles: Dieses Onlineangebot (bzw. der Webhostinganbieter) erhebt Daten zu jedem Zugriff auf den Server (sogenannte Serverlogfiles). Zu den Serverlogfiles k\u00f6nnen die Adresse und Name der abgerufenen Webseiten und Dateien, Datum und Uhrzeit des Abrufs, \u00fcbertragene Datenmengen, Meldung \u00fcber erfolgreichen Abruf, Browsertyp nebst Version, das Betriebssystem des Nutzers\/der Nutzerin, Referrer-URL (die zuvor besuchte Seite) und im Regelfall IP-Adressen und der anfragende Provider geh\u00f6ren.<\/p>\n\n\n\n<p>Die Serverlogfiles k\u00f6nnen zum einen zu Zwecken der Sicherheit eingesetzt werden, z. B. um eine \u00dcberlastung der Server zu vermeiden (insbesondere im Fall von missbr\u00e4uchlichen Angriffen, sogenannten DDoS-Attacken) und zum anderen, um die Auslastung der Server und ihre Stabilit\u00e4t sicherzustellen.<\/p>\n\n\n\n<ul class=\"wp-block-list\">\n<li>Verarbeitete Datenarten: Nutzungsdaten (z. B. besuchte Webseiten, Interesse an Inhalten, Zugriffszeiten), Meta-\/Kommunikationsdaten (z. B. Ger\u00e4te-Informationen, IP-Adressen)<\/li>\n\n\n\n<li>Betroffene Personen: Webseitenbesucher:innen<\/li>\n\n\n\n<li>Rechtsgrundlagen: Berechtigte Interessen (Art. 6 Abs. 1 S. 1 lit. f. DSGVO)<\/li>\n<\/ul>\n\n\n\n<div style=\"height:20px\" aria-hidden=\"true\" class=\"wp-block-spacer\"><\/div>\n\n\n\n<p><strong>Gedichterstellung \u00fcber Formular und KI-Workflow<\/strong><\/p>\n\n\n\n<p>Die im Gedicht-Generator eingegebenen Informationen werden von den Anbietern Tally.so und Make verarbeitet, um das gew\u00fcnschte Gedicht erstellen zu k\u00f6nnen. Dazu werden die im Formular abgefragten Informationen ben\u00f6tigt, die auch personenbezogen sein k\u00f6nnen. Informationen, die zwingend zur Bearbeitung ben\u00f6tigt werden, sind als solche gekennzeichnet.<\/p>\n\n\n\n<p>Je nach Eingabe k\u00f6nnen folgende personenbezogenen Daten erhoben, verarbeitet und zu diesem Zwecke gespeichert werden:<\/p>\n\n\n\n<ul class=\"wp-block-list\">\n<li>Thema des Gedichts<\/li>\n\n\n\n<li>Ihr Name<\/li>\n\n\n\n<li>Ihre E-Mail Adresse<\/li>\n\n\n\n<li>Technische Angaben zu Ihren Ger\u00e4ten, Betriebssystem, Browser und Software Version<\/li>\n<\/ul>\n\n\n\n<p>Tally<\/p>\n\n\n\n<p>F\u00fcr die Erhebung und Verarbeitung der vorgenannten Zwecke nutzen wir Tally.so. Anbieter ist Tally(BV), Muidepoort 19A, 9000 Ghent, Belgien. Tally ist ein Dienst zum Erstellen und Bereitstellen von Kontaktformularen. Die von Ihnen eingegeben Daten werden auf den Servern von Tally gespeichert. Die Datenschutzerkl\u00e4rung von Tally finden Sie unter https:\/\/tally.so\/help\/privacy-policy<\/p>\n\n\n\n<p>Make<\/p>\n\n\n\n<p>F\u00fcr die Erhebung und Verarbeitung der vorgenannten Zwecke nutzen wir Make des Anbieters Celonis Inc., One World Trade Center, 87th Floor, New York, NY, 10007, USA (\u00bbMake\u00ab) ein. Die von Ihnen eingegeben Daten werden auf den Servern von Make gespeichert. N\u00e4here Informationen finden Sie unter https:\/\/www.make.com\/en\/terms-and-conditions und https:\/\/www.make.com\/en\/privacy-notice.<\/p>\n\n\n\n<p>Auftragsdatenverarbeitung<\/p>\n\n\n\n<p>Mit dem Anbietern von Tally und Make bestehen Vertr\u00e4ge zur Auftragsverarbeitung gem\u00e4\u00df Art. 28 DSGVO.<\/p>\n\n\n\n<ul class=\"wp-block-list\">\n<li>Verarbeitete Datenarten: Meta-\/Kommunikationsdaten (z. B. Ger\u00e4te-Informationen, IP-Adressen), ggf. Thema, ggf. Name, ggf. E-Mail-Adresse<\/li>\n\n\n\n<li>Betroffene Personen: Webseitenbesucher:innen, die die entsprechenden Felder des Formulars ausf\u00fcllen<\/li>\n\n\n\n<li>Rechtsgrundlagen: Einwilligung (Art. 6 Abs. 1 lit. a DSGVO) und\/oder berechtigte Interessen (Art. 6 Abs. 1 lit. f DSGVO)<\/li>\n<\/ul>\n\n\n\n<div style=\"height:20px\" aria-hidden=\"true\" class=\"wp-block-spacer\"><\/div>\n\n\n\n<p><strong>Anfragen per E-Mail<\/strong><\/p>\n\n\n\n<p>Bei Kontaktaufnahme per E-Mail wird Ihre Anfrage inklusive aller daraus hervorgehenden personenbezogenen Daten (Name, Anfrage) zum Zwecke der Bearbeitung Ihres Anliegen gespeichert und verarbeitet. Diese Daten werden selbstverst\u00e4ndlich nicht an Dritte weitergegeben. Die \u00fcbersandten Daten bleiben gespeichert, bis der Zweck f\u00fcr die Datenspeicherung entf\u00e4llt (z. B. nach abgeschlossener Bearbeitung Ihres Anliegens). Zwingende gesetzliche Bestimmungen \u2013 insbesondere gesetzliche Aufbewahrungsfristen \u2013 bleiben unber\u00fchrt.<\/p>\n\n\n\n<ul class=\"wp-block-list\">\n<li>Verarbeitete Datenarten: E-Mail-Adresse, Inhalt der E-Mail, ggf. Name des Absenders\/der Absenderin<\/li>\n\n\n\n<li>Betroffene Personen: Webseitenbesucher:innen, die Kontakt \u00fcber die auf dieser Seite angegebene E-Mail-Adresse aufnehmen<\/li>\n\n\n\n<li>Rechtsgrundlagen: Einwilligung (Art. 6 Abs. 1 lit. a DSGVO) und\/oder berechtigte Interessen (Art. 6 Abs. 1 lit. f DSGVO)<\/li>\n<\/ul>\n\n\n\n<div style=\"height:20px\" aria-hidden=\"true\" class=\"wp-block-spacer\"><\/div>\n\n\n\n<p><strong>Webanalyse und Optimierung<\/strong><\/p>\n\n\n\n<p>Die Webanalyse (auch als \u00bbReichweitenmessung\u00ab bezeichnet) dient der Auswertung der Besucherstr\u00f6me dieses Onlineangebotes. Mit Hilfe der Reichweitenanalyse ist z. B. zu erkennen, zu welcher Zeit dieses Onlineangebot oder dessen Funktionen oder Inhalte am h\u00e4ufigsten genutzt werden. Ebenso ist nachvollziehbar, welche Bereiche der Optimierung bed\u00fcrfen.<\/p>\n\n\n\n<p>Bei dem zur Webanalyse dieses Onlineangebots verwendeten Plugin werden keine IP-Adressen der Nutzer\/innen gespeichert oder Cookies gesetzt. Die tats\u00e4chliche Identit\u00e4t der Nutzer\/innen ist nicht erkennbar, einzelne Nutzerprofile, die z. B. \u00fcber wiederkehrende Besuche Auskunft geben k\u00f6nnten, werden nicht erstellt.<\/p>\n\n\n\n<ul class=\"wp-block-list\">\n<li>Verarbeitete Datenarten: Nutzungsdaten (z. B. besuchte Webseiten, Interesse an Inhalten).<\/li>\n\n\n\n<li>Betroffene Personen: Webseitenbesucher:innen<\/li>\n\n\n\n<li>Zwecke der Verarbeitung: Reichweitenmessung (z. B. Zugriffsstatistiken), Besuchsaktionsauswertung<\/li>\n\n\n\n<li>Rechtsgrundlagen: Berechtigte Interessen (Art. 6 Abs. 1 S. 1 lit. f. DSGVO)<\/li>\n<\/ul>\n\n\n\n<p>Eingesetzte Dienste und Diensteanbieter:<\/p>\n\n\n\n<ul class=\"wp-block-list\">\n<li>WordPress-Plugin Statify<\/li>\n<\/ul>\n\n\n\n<div style=\"height:20px\" aria-hidden=\"true\" class=\"wp-block-spacer\"><\/div>\n\n\n\n<p><strong>L\u00f6schung von Daten<\/strong><\/p>\n\n\n\n<p>Die verarbeiteten Daten werden nach Ma\u00dfgabe der gesetzlichen Vorgaben gel\u00f6scht, sobald deren zur Verarbeitung erlaubten Einwilligungen widerrufen werden oder sonstige Erlaubnisse entfallen (z. B. wenn der Zweck der Verarbeitung dieser Daten entfallen ist oder sie f\u00fcr den Zweck nicht erforderlich sind).<\/p>\n\n\n\n<p>Sofern die Daten nicht gel\u00f6scht werden, weil sie f\u00fcr andere und gesetzlich zul\u00e4ssige Zwecke erforderlich sind, wird deren Verarbeitung auf diese Zwecke beschr\u00e4nkt, d. h. die Daten werden gesperrt und nicht f\u00fcr andere Zwecke verarbeitet. Das gilt z. B. f\u00fcr Daten, die aus handels- oder steuerrechtlichen Gr\u00fcnden aufbewahrt werden m\u00fcssen oder deren Speicherung zur Geltendmachung, Aus\u00fcbung oder Verteidigung von Rechtsanspr\u00fcchen oder zum Schutz der Rechte einer anderen nat\u00fcrlichen oder juristischen Person erforderlich ist.<\/p>\n\n\n\n<p>Weitere Hinweise zu der L\u00f6schung von personenbezogenen Daten k\u00f6nnen ferner im Rahmen der einzelnen Datenschutzhinweise dieser Datenschutzerkl\u00e4rung erfolgen.<\/p>\n\n\n\n<div style=\"height:20px\" aria-hidden=\"true\" class=\"wp-block-spacer\"><\/div>\n\n\n\n<p><strong>Rechte der betroffenen Personen<\/strong><\/p>\n\n\n\n<p>Ihnen stehen als Betroffene nach der DSGVO verschiedene Rechte zu, die sich insbesondere aus Art. 15 bis 18 und 21 DSGVO ergeben:<\/p>\n\n\n\n<ul class=\"wp-block-list\">\n<li>Widerspruchsrecht: Sie haben das Recht, aus Gr\u00fcnden, die sich aus Ihrer besonderen Situation ergeben, jederzeit gegen die Verarbeitung der Sie betreffenden personenbezogenen Daten, die aufgrund von Art. 6 Abs. 1 lit. e oder f DSGVO erfolgt, Widerspruch einzulegen.<\/li>\n\n\n\n<li>Widerrufsrecht bei Einwilligungen: Sie haben das Recht, erteilte Einwilligungen jederzeit zu widerrufen.<\/li>\n\n\n\n<li>Auskunftsrecht: Sie haben das Recht, eine Best\u00e4tigung dar\u00fcber zu verlangen, ob betreffende Daten verarbeitet werden und auf Auskunft \u00fcber diese Daten sowie auf weitere Informationen und Kopie der Daten entsprechend den gesetzlichen Vorgaben.<\/li>\n\n\n\n<li>Recht auf Berichtigung: Sie haben entsprechend den gesetzlichen Vorgaben das Recht, die Vervollst\u00e4ndigung der Sie betreffenden Daten oder die Berichtigung der Sie betreffenden unrichtigen Daten zu verlangen.<\/li>\n\n\n\n<li>Recht auf L\u00f6schung und Einschr\u00e4nkung der Verarbeitung: Sie haben nach Ma\u00dfgabe der gesetzlichen Vorgaben das Recht, zu verlangen, dass Sie betreffende Daten unverz\u00fcglich gel\u00f6scht werden, bzw. alternativ nach Ma\u00dfgabe der gesetzlichen Vorgaben eine Einschr\u00e4nkung der Verarbeitung der Daten zu verlangen.<\/li>\n\n\n\n<li>Recht auf Daten\u00fcbertragbarkeit: Sie haben das Recht, Sie betreffende Daten, die Sie bereitgestellt haben, nach Ma\u00dfgabe der gesetzlichen Vorgaben in einem strukturierten, g\u00e4ngigen und maschinenlesbaren Format zu erhalten oder deren \u00dcbermittlung an einen anderen Verantwortlichen zu fordern.<\/li>\n\n\n\n<li>Beschwerde bei Aufsichtsbeh\u00f6rde: Sie haben ferner nach Ma\u00dfgabe der gesetzlichen Vorgaben das Recht, bei einer Aufsichtsbeh\u00f6rde, insbesondere in dem Mitgliedstaat Ihres gew\u00f6hnlichen Aufenthaltsorts, Ihres Arbeitsplatzes oder des Orts des mutma\u00dflichen Versto\u00dfes Beschwerde einzulegen, wenn Sie der Ansicht sind, dass die Verarbeitung der Sie betreffenden personenbezogenen Daten gegen die DSGVO verst\u00f6\u00dft.<\/li>\n<\/ul>\n\n\n\n<div style=\"height:20px\" aria-hidden=\"true\" class=\"wp-block-spacer\"><\/div>\n\n\n\n<p><strong>\u00c4nderung und Aktualisierung der Datenschutzerkl\u00e4rung<\/strong><\/p>\n\n\n\n<p>Diese Datenschutzerkl\u00e4rung wird aktualisiert, sobald \u00c4nderungen an den durchgef\u00fchrten Datenverarbeitungen dies erforderlich machen. Sobald durch die \u00c4nderungen eine Mitwirkungshandlung Ihrerseits (z. B. Einwilligung) oder eine sonstige individuelle Benachrichtigung erforderlich wird, werden Sie dar\u00fcber informiert.<\/p>\n\n\n\n<p>Stand: 10. Januar 2026<\/p>\n\n\n\n<p>Erstellt auf Basis des kostenlosen Datenschutz-Generators von Dr. Thomas Schwenke (datenschutz-generator.de) unter erg\u00e4nzender Verwendung des Datenschutz-Generators von eRecht24 (e-recht24.de)<\/p>\n","protected":false},"excerpt":{"rendered":"<p>Verantwortliche Konstanze Heininger, Baierbrunnservus@konstanze-heininger.de+49 178 1066570 WordPress-Theme: \u00bbTwenty Twenty-Five\u00abSchrift: \u00bbManrope\u00ab von Mikhail Sharanda aus dem Google-Fonts Webfont-Katalog (lokal gehostet) Widerspruch gegen Werbe-E-Mails und -Anrufe Der Nutzung von im Rahmen der Impressumspflicht ver\u00f6ffentlichten Kontaktdaten zur \u00dcbersendung von nicht ausdr\u00fccklich angeforderter Werbung und Informationsmaterialien bzw. nicht angeforderten Werbeanrufen wird hiermit widersprochen. Rechtliche Schritte im Falle von nicht [&hellip;]<\/p>\n","protected":false},"author":1,"featured_media":0,"parent":0,"menu_order":0,"comment_status":"closed","ping_status":"closed","template":"","meta":{"footnotes":""},"class_list":["post-13","page","type-page","status-publish","hentry"],"_wp_page_template":null,"_pingme":null,"_encloseme":null,"_wp_old_slug":null,"_wp_attached_file":null,"_wp_attachment_metadata":null,"footnotes":null,"_wp_trash_meta_status":null,"_wp_trash_meta_time":null,"_wp_desired_post_slug":null,"_wp_trash_meta_comments_status":null,"_wp_attachment_image_alt":null,"_thumbnail_id":null,"origin":null,"_edit_lock":"1769331242:1","_edit_last":null,"_links":{"self":[{"href":"https:\/\/konstanze-heininger.de\/ki-kompetenzen\/wp-json\/wp\/v2\/pages\/13","targetHints":{"allow":["GET"]}}],"collection":[{"href":"https:\/\/konstanze-heininger.de\/ki-kompetenzen\/wp-json\/wp\/v2\/pages"}],"about":[{"href":"https:\/\/konstanze-heininger.de\/ki-kompetenzen\/wp-json\/wp\/v2\/types\/page"}],"author":[{"embeddable":true,"href":"https:\/\/konstanze-heininger.de\/ki-kompetenzen\/wp-json\/wp\/v2\/users\/1"}],"replies":[{"embeddable":true,"href":"https:\/\/konstanze-heininger.de\/ki-kompetenzen\/wp-json\/wp\/v2\/comments?post=13"}],"version-history":[{"count":7,"href":"https:\/\/konstanze-heininger.de\/ki-kompetenzen\/wp-json\/wp\/v2\/pages\/13\/revisions"}],"predecessor-version":[{"id":824,"href":"https:\/\/konstanze-heininger.de\/ki-kompetenzen\/wp-json\/wp\/v2\/pages\/13\/revisions\/824"}],"wp:attachment":[{"href":"https:\/\/konstanze-heininger.de\/ki-kompetenzen\/wp-json\/wp\/v2\/media?parent=13"}],"curies":[{"name":"wp","href":"https:\/\/api.w.org\/{rel}","templated":true}]}}